{"id":2211,"date":"2021-03-25T13:04:31","date_gmt":"2021-03-25T12:04:31","guid":{"rendered":"https:\/\/www.langhorst.de\/datenschutzerklaerung\/"},"modified":"2021-03-25T13:04:31","modified_gmt":"2021-03-25T12:04:31","slug":"datenschutzerklaerung","status":"publish","type":"page","link":"https:\/\/www.langhorst.de\/en\/datenschutzerklaerung\/","title":{"rendered":"Datenschutzerkl\u00e4rung"},"content":{"rendered":"\t\t<div data-elementor-type=\"wp-page\" data-elementor-id=\"2211\" class=\"elementor elementor-2211 elementor-1412\" data-elementor-post-type=\"page\">\n\t\t\t\t\t\t<section class=\"elementor-section elementor-top-section elementor-element elementor-element-1f1f243 elementor-section-height-min-height elementor-section-content-middle elementor-section-stretched elementor-section-boxed elementor-section-height-default elementor-section-items-middle\" data-id=\"1f1f243\" data-element_type=\"section\" data-e-type=\"section\" data-settings=\"{&quot;background_background&quot;:&quot;classic&quot;,&quot;stretch_section&quot;:&quot;section-stretched&quot;}\">\n\t\t\t\t\t\t<div class=\"elementor-container elementor-column-gap-no\">\n\t\t\t\t\t<div class=\"elementor-column elementor-col-100 elementor-top-column elementor-element elementor-element-9c2fc09\" data-id=\"9c2fc09\" data-element_type=\"column\" data-e-type=\"column\">\n\t\t\t<div class=\"elementor-widget-wrap elementor-element-populated\">\n\t\t\t\t\t\t<div class=\"elementor-element elementor-element-3b81277 elementor-widget elementor-widget-heading\" data-id=\"3b81277\" data-element_type=\"widget\" data-e-type=\"widget\" data-widget_type=\"heading.default\">\n\t\t\t\t<div class=\"elementor-widget-container\">\n\t\t\t\t\t<h1 class=\"elementor-heading-title elementor-size-default\">Datenschutzerkl\u00e4rung<\/h1>\t\t\t\t<\/div>\n\t\t\t\t<\/div>\n\t\t\t\t\t<\/div>\n\t\t<\/div>\n\t\t\t\t\t<\/div>\n\t\t<\/section>\n\t\t\t\t<section class=\"elementor-section elementor-top-section elementor-element elementor-element-731e900 elementor-section-boxed elementor-section-height-default elementor-section-height-default\" data-id=\"731e900\" data-element_type=\"section\" data-e-type=\"section\">\n\t\t\t\t\t\t<div class=\"elementor-container elementor-column-gap-default\">\n\t\t\t\t\t<div class=\"elementor-column elementor-col-100 elementor-top-column elementor-element elementor-element-9a28fbc\" data-id=\"9a28fbc\" data-element_type=\"column\" data-e-type=\"column\">\n\t\t\t<div class=\"elementor-widget-wrap elementor-element-populated\">\n\t\t\t\t\t\t<div class=\"elementor-element elementor-element-161f33d elementor-widget elementor-widget-spacer\" data-id=\"161f33d\" data-element_type=\"widget\" data-e-type=\"widget\" data-widget_type=\"spacer.default\">\n\t\t\t\t<div class=\"elementor-widget-container\">\n\t\t\t\t\t\t\t<div class=\"elementor-spacer\">\n\t\t\t<div class=\"elementor-spacer-inner\"><\/div>\n\t\t<\/div>\n\t\t\t\t\t\t<\/div>\n\t\t\t\t<\/div>\n\t\t\t\t\t<\/div>\n\t\t<\/div>\n\t\t\t\t\t<\/div>\n\t\t<\/section>\n\t\t\t\t<section class=\"elementor-section elementor-top-section elementor-element elementor-element-df1b996 elementor-section-boxed elementor-section-height-default elementor-section-height-default\" data-id=\"df1b996\" data-element_type=\"section\" data-e-type=\"section\">\n\t\t\t\t\t\t<div class=\"elementor-container elementor-column-gap-default\">\n\t\t\t\t\t<div class=\"elementor-column elementor-col-100 elementor-top-column elementor-element elementor-element-fd10150\" data-id=\"fd10150\" data-element_type=\"column\" data-e-type=\"column\">\n\t\t\t<div class=\"elementor-widget-wrap elementor-element-populated\">\n\t\t\t\t\t\t<div class=\"elementor-element elementor-element-3f76e63 elementor-widget elementor-widget-text-editor\" data-id=\"3f76e63\" data-element_type=\"widget\" data-e-type=\"widget\" data-widget_type=\"text-editor.default\">\n\t\t\t\t<div class=\"elementor-widget-container\">\n\t\t\t\t\t\t\t\t\t<p class=\"bodytext\" align=\"center\"><strong>Datenschutzerkl\u00e4rung gem. DSGVO<\/strong><\/p>\n<p class=\"bodytext\"><strong>Sehr geehrte Nutzer\/innen,<\/strong><\/p>\n<p class=\"bodytext\"><strong>wir freuen uns sehr \u00fcber Ihr Interesse an unserem Unternehmen. Wir m\u00f6chten, dass Sie sich hier sicher und wohl f\u00fchlen. Der Schutz Ihrer Privatsph\u00e4re ist uns sehr wichtig. An dieser Stelle m\u00f6chten wir Sie \u00fcber unsere Datenschutzricht-linien informieren. Lesen Sie sich diese bitte sorgf\u00e4ltig durch, um zu sehen, wie wir mit Ihren Daten umgehen. Wenn Sie dieser Datenschutzrichtlinie nicht zustimmen, sehen Sie bitte von einer Nutzung unserer Dienste ab.<\/strong><\/p>\n<p class=\"bodytext\"><strong>Websitebetreiber<br \/><\/strong>Heinrich Langhorst GmbH &amp; Co.KG<br \/>Ludwig-Erhard-Str. 12-14<br \/>28197 Bremen-GVZ<\/p>\n<p class=\"bodytext\">Telefon:\u00a0\u00a0\u00a0\u00a0\u00a0\u00a0\u00a0\u00a0\u00a0\u00a0+49-421-521660<br \/>E-Mail:\u00a0\u00a0\u00a0\u00a0\u00a0\u00a0\u00a0\u00a0\u00a0\u00a0\u00a0\u00a0<a>info(at)langhorst.de<\/a><br \/>Internet:\u00a0\u00a0\u00a0\u00a0\u00a0\u00a0\u00a0\u00a0\u00a0www.langhorst.de\u00a0<\/p>\n<p class=\"bodytext\"><strong>Geltungsbereich<\/strong><\/p>\n<p class=\"bodytext\">Diese Datenschutzerkl\u00e4rung soll die Nutzer dieser Website gem\u00e4\u00df Bundesdatenschutz-gesetz und Telemediengesetz \u00fcber die Art, den Umfang und den Zweck der Erhebung und Verwendung personenbezogener Daten durch den Websitebetreiber Heinrich Langhorst GmbH &amp; Co.KG informieren.<\/p>\n<p class=\"bodytext\">Der Websitebetreiber nimmt Ihren Datenschutz sehr ernst und behandelt Ihre personen-bezogenen Daten vertraulich und entsprechend der gesetzlichen Vorschriften.<\/p>\n<p class=\"bodytext\">Bedenken Sie, dass die Daten\u00fcbertragung im Internet grunds\u00e4tzlich mit Sicherheitsl\u00fccken bedacht sein kann. Ein vollumf\u00e4nglicher Schutz vor dem Zugriff durch Fremde ist nicht realisierbar.<\/p>\n<p class=\"bodytext\"><strong>Zugriffsdaten<\/strong><\/p>\n<p class=\"bodytext\">Der Websitebetreiber bzw. Seitenprovider erhebt Daten \u00fcber Zugriffe auf die Seite und speichert diese als \u201eServer-Logfiles\u201c ab. Folgende Daten werden so protokolliert:<\/p>\n<p class=\"bodytext\">\u00b7\u00a0\u00a0\u00a0\u00a0\u00a0\u00a0\u00a0\u00a0\u00a0\u00a0\u00a0\u00a0\u00a0Besuchte Website<\/p>\n<p class=\"bodytext\">\u00b7\u00a0\u00a0\u00a0\u00a0\u00a0\u00a0\u00a0\u00a0\u00a0\u00a0\u00a0\u00a0\u00a0Uhrzeit zum Zeitpunkt des Zugriffes<\/p>\n<p class=\"bodytext\">\u00b7\u00a0\u00a0\u00a0\u00a0\u00a0\u00a0\u00a0\u00a0\u00a0\u00a0\u00a0\u00a0\u00a0Menge der gesendeten Daten in Byte<\/p>\n<p class=\"bodytext\">\u00b7\u00a0\u00a0\u00a0\u00a0\u00a0\u00a0\u00a0\u00a0\u00a0\u00a0\u00a0\u00a0\u00a0Quelle\/Verweis, von welchem Sie auf die Seite gelangten<\/p>\n<p class=\"bodytext\">\u00b7\u00a0\u00a0\u00a0\u00a0\u00a0\u00a0\u00a0\u00a0\u00a0\u00a0\u00a0\u00a0\u00a0Verwendeter Browser<\/p>\n<p class=\"bodytext\">\u00b7\u00a0\u00a0\u00a0\u00a0\u00a0\u00a0\u00a0\u00a0\u00a0\u00a0\u00a0\u00a0\u00a0Verwendetes Betriebssystem<\/p>\n<p class=\"bodytext\">\u00b7\u00a0\u00a0\u00a0\u00a0\u00a0\u00a0\u00a0\u00a0\u00a0\u00a0\u00a0\u00a0\u00a0Verwendete IP-Adresse<\/p>\n<p class=\"bodytext\">Die erhobenen Daten dienen lediglich statistischen Auswertungen und zur Verbesserung der Website. Der Websitebetreiber beh\u00e4lt sich allerdings vor, die Server-Logfiles nachtr\u00e4glich zu \u00fcberpr\u00fcfen, sollten konkrete Anhaltspunkte auf eine rechtswidrige Nutzung hinweisen.<\/p>\n<p class=\"bodytext\"><strong>Cookies<\/strong><\/p>\n<p class=\"bodytext\">Diese Website verwendet Cookies. Dabei handelt es sich um kleine Textdateien, welche auf Ihrem Endger\u00e4t gespeichert werden. Ihr Browser greift auf diese Dateien zu. Durch den Einsatz von Cookies erh\u00f6ht sich die Benutzerfreundlichkeit und Sicherheit dieser Website.<\/p>\n<p class=\"bodytext\">G\u00e4ngige Browser bieten die Einstellungsoption, Cookies nicht zuzulassen. Hinweis: Es ist nicht gew\u00e4hrleistet, dass Sie auf alle Funktionen dieser Website ohne Einschr\u00e4nkungen zugreifen k\u00f6nnen, wenn Sie entsprechende Einstellungen vornehmen.<\/p>\n<p class=\"bodytext\"><strong>Umgang mit personenbezogenen Daten<\/strong><\/p>\n<p class=\"bodytext\">Der Websitebetreiber erhebt, nutzt und gibt Ihre personenbezogenen Daten nur dann weiter, wenn dies im gesetzlichen Rahmen erlaubt ist oder Sie in die Datenerhebung einwilligen.<\/p>\n<p class=\"bodytext\">Als personenbezogene Daten gelten s\u00e4mtliche Informationen, welche dazu dienen, Ihre Person zu bestimmen und welche zu Ihnen zur\u00fcckverfolgt werden k\u00f6nnen \u2013 also beispielsweise Ihr Name, Ihre E-Mail-Adresse und Telefonnummer.<\/p>\n<p class=\"bodytext\"><strong>Umgang mit Kontaktdaten \/ Kontaktformular<\/strong><\/p>\n<p class=\"bodytext\">Nehmen Sie mit dem Websitebetreiber durch die angebotenen Kontaktm\u00f6glichkeiten Verbindung auf, werden Ihre Angaben gespeichert, damit auf diese zur Bearbeitung und Beantwortung Ihrer Anfrage zur\u00fcckgegriffen werden kann. Ohne Ihre Einwilligung werden diese Daten nicht an Dritte weitergegeben.<\/p>\n<p class=\"bodytext\"><strong>Rechte des Nutzers: Auskunft, Berichtigung und L\u00f6schung<\/strong><\/p>\n<p class=\"bodytext\">Sie k\u00f6nnen unentgeltlich Auskunft dar\u00fcber verlangen, ob Sie betreffende personenbezogene Daten verarbeitet werden. Ist dies der Fall, k\u00f6nnen Sie zudem Auskunft \u00fcber diese personenbezogenen Daten sowie weitere Informationen nach Ma\u00dfgabe von Art. 15 DSGVO verlangen. Dieses Recht kann nach Ma\u00dfgabe von \u00a7 29 BDSG aufgrund der anwaltlichen Verschwiegenheitspflicht eingeschr\u00e4nkt sein.<\/p>\n<p class=\"bodytext\">Sollten Sie betreffende personenbezogene Daten unrichtig oder unvollst\u00e4ndig sein, k\u00f6nnen Sie die Berichtigung bzw. die Vervollst\u00e4ndigung verlangen. In den von Art. 17 und Art. 18 DSGVO erfassten F\u00e4llen k\u00f6nnen Sie die L\u00f6schung bzw. die Sperrung \/ Einschr\u00e4nkung der Verarbeitung Ihrer Daten verlangen.<\/p>\n<p class=\"bodytext\">Sie haben das Recht, nach Art. 21 DSGVO aus Gr\u00fcnden, die sich aus Ihrer besonderen Situation ergeben, jederzeit gegen die Verarbeitung Sie betreffender personenbezogener Daten Widerspruch einzulegen, auch wenn mit der Verarbeitung berechtigte Interessen verfolgt werden. Auch ohne besondere Gr\u00fcnde k\u00f6nnen Sie jederzeit der Verarbeitung von personenbezogenen Daten zur Betreibung von Direktwerbung widersprechen.<\/p>\n<p class=\"bodytext\">Ferner k\u00f6nnen Sie in den von Art. 20 DSGVO genannten F\u00e4llen die \u00dcbertragung der von Ihnen bereitgestellten und Sie betreffenden personenbezogenen Daten auf Sie oder direkt auf einen anderen Verantwortlichen verlangen.<\/p>\n<p class=\"bodytext\">Soweit die Verarbeitung Ihrer Daten auf Ihrer Einwilligung beruht, k\u00f6nnen Sie diese Einwilligung jederzeit mit Wirkung f\u00fcr die Zukunft widerrufen. Die Rechtm\u00e4\u00dfigkeit der bis zum Widerruf erfolgten Datenverarbeitung bleibt davon unber\u00fchrt.<\/p>\n<p class=\"bodytext\">Wenn Sie der Ansicht sind, dass die Verarbeitung der Sie betreffenden personenbezogenen Daten nicht im Einklang mit geltendem Recht steht, haben Sie das Recht, sich bei einer Aufsichtsbeh\u00f6rde zu beschweren. Anderweitige Rechtsbehelfe bleiben von diesem Recht unber\u00fchrt. Die zust\u00e4ndige Aufsichtsbeh\u00f6rde ist die Berliner Beauftragte f\u00fcr Datenschutz und Informationsfreiheit, Friedrichtstra\u00dfe 219, 10969 Berlin,\u00a0<a href=\"https:\/\/www.datenschutz-berlin.de\/\" target=\"_blank\" rel=\"noopener\">https:\/\/www.datenschutz-berlin.de<\/a>\u00a0.<\/p>\n<p class=\"bodytext\"><strong>\u00c4nderung unserer Datenschutzbestimmungen<\/strong><\/p>\n<p class=\"bodytext\">Damit diese Datenschutzerkl\u00e4rung den jeweils aktuellen rechtlichen Anforderungen entspricht, auch bei \u00c4nderungen von unseren Leistungen, behalten wir uns entsprechende Anpassungen vor. Es gilt jeweils die dann g\u00fcltige Erkl\u00e4rung gem. DSGVO.<\/p>\n\t\t\t\t\t\t\t\t<\/div>\n\t\t\t\t<\/div>\n\t\t\t\t\t<\/div>\n\t\t<\/div>\n\t\t\t\t\t<\/div>\n\t\t<\/section>\n\t\t\t\t<\/div>\n\t\t","protected":false},"excerpt":{"rendered":"<p>Datenschutzerkl\u00e4rung Datenschutzerkl\u00e4rung gem. DSGVO Sehr geehrte Nutzer\/innen, wir freuen uns sehr \u00fcber Ihr Interesse an unserem Unternehmen. Wir m\u00f6chten, dass Sie sich hier sicher und wohl f\u00fchlen. Der Schutz Ihrer Privatsph\u00e4re ist uns sehr wichtig. An dieser Stelle m\u00f6chten wir Sie \u00fcber unsere Datenschutzricht-linien informieren. Lesen Sie sich diese bitte sorgf\u00e4ltig durch, um zu sehen, [&hellip;]<\/p>\n","protected":false},"author":1,"featured_media":0,"parent":0,"menu_order":14,"comment_status":"closed","ping_status":"closed","template":"","meta":{"site-sidebar-layout":"no-sidebar","site-content-layout":"page-builder","ast-site-content-layout":"default","site-content-style":"default","site-sidebar-style":"default","ast-global-header-display":"","ast-banner-title-visibility":"","ast-main-header-display":"","ast-hfb-above-header-display":"","ast-hfb-below-header-display":"","ast-hfb-mobile-header-display":"","site-post-title":"disabled","ast-breadcrumbs-content":"","ast-featured-img":"disabled","footer-sml-layout":"","ast-disable-related-posts":"","theme-transparent-header-meta":"default","adv-header-id-meta":"","stick-header-meta":"default","header-above-stick-meta":"","header-main-stick-meta":"","header-below-stick-meta":"","astra-migrate-meta-layouts":"default","ast-page-background-enabled":"default","ast-page-background-meta":{"desktop":{"background-color":"","background-image":"","background-repeat":"repeat","background-position":"center center","background-size":"auto","background-attachment":"scroll","background-type":"","background-media":"","overlay-type":"","overlay-color":"","overlay-opacity":"","overlay-gradient":""},"tablet":{"background-color":"","background-image":"","background-repeat":"repeat","background-position":"center center","background-size":"auto","background-attachment":"scroll","background-type":"","background-media":"","overlay-type":"","overlay-color":"","overlay-opacity":"","overlay-gradient":""},"mobile":{"background-color":"","background-image":"","background-repeat":"repeat","background-position":"center center","background-size":"auto","background-attachment":"scroll","background-type":"","background-media":"","overlay-type":"","overlay-color":"","overlay-opacity":"","overlay-gradient":""}},"ast-content-background-meta":{"desktop":{"background-color":"var(--ast-global-color-5)","background-image":"","background-repeat":"repeat","background-position":"center center","background-size":"auto","background-attachment":"scroll","background-type":"","background-media":"","overlay-type":"","overlay-color":"","overlay-opacity":"","overlay-gradient":""},"tablet":{"background-color":"var(--ast-global-color-5)","background-image":"","background-repeat":"repeat","background-position":"center center","background-size":"auto","background-attachment":"scroll","background-type":"","background-media":"","overlay-type":"","overlay-color":"","overlay-opacity":"","overlay-gradient":""},"mobile":{"background-color":"var(--ast-global-color-5)","background-image":"","background-repeat":"repeat","background-position":"center center","background-size":"auto","background-attachment":"scroll","background-type":"","background-media":"","overlay-type":"","overlay-color":"","overlay-opacity":"","overlay-gradient":""}},"footnotes":""},"class_list":["post-2211","page","type-page","status-publish","hentry"],"_links":{"self":[{"href":"https:\/\/www.langhorst.de\/en\/wp-json\/wp\/v2\/pages\/2211","targetHints":{"allow":["GET"]}}],"collection":[{"href":"https:\/\/www.langhorst.de\/en\/wp-json\/wp\/v2\/pages"}],"about":[{"href":"https:\/\/www.langhorst.de\/en\/wp-json\/wp\/v2\/types\/page"}],"author":[{"embeddable":true,"href":"https:\/\/www.langhorst.de\/en\/wp-json\/wp\/v2\/users\/1"}],"replies":[{"embeddable":true,"href":"https:\/\/www.langhorst.de\/en\/wp-json\/wp\/v2\/comments?post=2211"}],"version-history":[{"count":1,"href":"https:\/\/www.langhorst.de\/en\/wp-json\/wp\/v2\/pages\/2211\/revisions"}],"predecessor-version":[{"id":2212,"href":"https:\/\/www.langhorst.de\/en\/wp-json\/wp\/v2\/pages\/2211\/revisions\/2212"}],"wp:attachment":[{"href":"https:\/\/www.langhorst.de\/en\/wp-json\/wp\/v2\/media?parent=2211"}],"curies":[{"name":"wp","href":"https:\/\/api.w.org\/{rel}","templated":true}]}}