{"id":2141,"date":"2021-03-22T10:59:18","date_gmt":"2021-03-22T09:59:18","guid":{"rendered":"https:\/\/www.langhorst.de\/career\/"},"modified":"2021-03-22T10:59:18","modified_gmt":"2021-03-22T09:59:18","slug":"career","status":"publish","type":"page","link":"https:\/\/www.langhorst.de\/en\/career\/","title":{"rendered":"Career"},"content":{"rendered":"\t\t<div data-elementor-type=\"wp-page\" data-elementor-id=\"2141\" class=\"elementor elementor-2141\" data-elementor-post-type=\"page\">\n\t\t\t\t\t\t<section class=\"elementor-section elementor-top-section elementor-element elementor-element-c4333f4 elementor-section-boxed elementor-section-height-default elementor-section-height-default\" data-id=\"c4333f4\" data-element_type=\"section\" data-e-type=\"section\">\n\t\t\t\t\t\t\t<div class=\"elementor-background-overlay\"><\/div>\n\t\t\t\t\t\t\t<div class=\"elementor-container elementor-column-gap-default\">\n\t\t\t\t\t<div class=\"elementor-column elementor-col-100 elementor-top-column elementor-element elementor-element-ebd0465\" data-id=\"ebd0465\" data-element_type=\"column\" data-e-type=\"column\">\n\t\t\t<div class=\"elementor-widget-wrap elementor-element-populated\">\n\t\t\t\t\t\t<div class=\"elementor-element elementor-element-4016c0f elementor-widget elementor-widget-heading\" data-id=\"4016c0f\" data-element_type=\"widget\" data-e-type=\"widget\" data-widget_type=\"heading.default\">\n\t\t\t\t<div class=\"elementor-widget-container\">\n\t\t\t\t\t<h1 class=\"elementor-heading-title elementor-size-default\">Career \/ Jobs<\/h1>\t\t\t\t<\/div>\n\t\t\t\t<\/div>\n\t\t\t\t\t<\/div>\n\t\t<\/div>\n\t\t\t\t\t<\/div>\n\t\t<\/section>\n\t\t\t\t<section class=\"elementor-section elementor-top-section elementor-element elementor-element-6abdd92 elementor-section-boxed elementor-section-height-default elementor-section-height-default\" data-id=\"6abdd92\" data-element_type=\"section\" data-e-type=\"section\">\n\t\t\t\t\t\t<div class=\"elementor-container elementor-column-gap-default\">\n\t\t\t\t\t<div class=\"elementor-column elementor-col-100 elementor-top-column elementor-element elementor-element-77e460b\" data-id=\"77e460b\" data-element_type=\"column\" data-e-type=\"column\">\n\t\t\t<div class=\"elementor-widget-wrap elementor-element-populated\">\n\t\t\t\t\t\t<div class=\"elementor-element elementor-element-909df11 elementor-widget elementor-widget-spacer\" data-id=\"909df11\" data-element_type=\"widget\" data-e-type=\"widget\" data-widget_type=\"spacer.default\">\n\t\t\t\t<div class=\"elementor-widget-container\">\n\t\t\t\t\t\t\t<div class=\"elementor-spacer\">\n\t\t\t<div class=\"elementor-spacer-inner\"><\/div>\n\t\t<\/div>\n\t\t\t\t\t\t<\/div>\n\t\t\t\t<\/div>\n\t\t\t\t\t<\/div>\n\t\t<\/div>\n\t\t\t\t\t<\/div>\n\t\t<\/section>\n\t\t\t\t<section class=\"elementor-section elementor-top-section elementor-element elementor-element-485ce48 elementor-section-boxed elementor-section-height-default elementor-section-height-default\" data-id=\"485ce48\" data-element_type=\"section\" data-e-type=\"section\">\n\t\t\t\t\t\t<div class=\"elementor-container elementor-column-gap-default\">\n\t\t\t\t\t<div class=\"elementor-column elementor-col-100 elementor-top-column elementor-element elementor-element-cb34909\" data-id=\"cb34909\" data-element_type=\"column\" data-e-type=\"column\">\n\t\t\t<div class=\"elementor-widget-wrap elementor-element-populated\">\n\t\t\t\t\t\t<div class=\"elementor-element elementor-element-ea8db8d elementor-widget elementor-widget-heading\" data-id=\"ea8db8d\" data-element_type=\"widget\" data-e-type=\"widget\" data-widget_type=\"heading.default\">\n\t\t\t\t<div class=\"elementor-widget-container\">\n\t\t\t\t\t<h2 class=\"elementor-heading-title elementor-size-default\">Current vacancies<\/h2>\t\t\t\t<\/div>\n\t\t\t\t<\/div>\n\t\t\t\t\t<\/div>\n\t\t<\/div>\n\t\t\t\t\t<\/div>\n\t\t<\/section>\n\t\t\t\t<section class=\"elementor-section elementor-top-section elementor-element elementor-element-5b9e281 elementor-section-boxed elementor-section-height-default elementor-section-height-default\" data-id=\"5b9e281\" data-element_type=\"section\" data-e-type=\"section\">\n\t\t\t\t\t\t<div class=\"elementor-container elementor-column-gap-default\">\n\t\t\t\t\t<div class=\"elementor-column elementor-col-100 elementor-top-column elementor-element elementor-element-8cd6ae8\" data-id=\"8cd6ae8\" data-element_type=\"column\" data-e-type=\"column\">\n\t\t\t<div class=\"elementor-widget-wrap elementor-element-populated\">\n\t\t\t\t\t\t<div class=\"elementor-element elementor-element-a66940e elementor-widget elementor-widget-accordion\" data-id=\"a66940e\" data-element_type=\"widget\" data-e-type=\"widget\" data-widget_type=\"accordion.default\">\n\t\t\t\t<div class=\"elementor-widget-container\">\n\t\t\t\t\t\t\t<div class=\"elementor-accordion\">\n\t\t\t\t\t\t\t<div class=\"elementor-accordion-item\">\n\t\t\t\t\t<div id=\"elementor-tab-title-1741\" class=\"elementor-tab-title\" data-tab=\"1\" role=\"button\" aria-controls=\"elementor-tab-content-1741\" aria-expanded=\"false\">\n\t\t\t\t\t\t\t\t\t\t\t\t\t<span class=\"elementor-accordion-icon elementor-accordion-icon-left\" aria-hidden=\"true\">\n\t\t\t\t\t\t\t\t\t\t\t\t\t\t\t<span class=\"elementor-accordion-icon-closed\"><i class=\"fas fa-plus\"><\/i><\/span>\n\t\t\t\t\t\t\t\t<span class=\"elementor-accordion-icon-opened\"><i class=\"fas fa-minus\"><\/i><\/span>\n\t\t\t\t\t\t\t\t\t\t\t\t\t\t<\/span>\n\t\t\t\t\t\t\t\t\t\t\t\t<a class=\"elementor-accordion-title\" tabindex=\"0\">Ausbildung zum\/r Fachlagerist\/in ab 01.08.2021<\/a>\n\t\t\t\t\t<\/div>\n\t\t\t\t\t<div id=\"elementor-tab-content-1741\" class=\"elementor-tab-content elementor-clearfix\" data-tab=\"1\" role=\"region\" aria-labelledby=\"elementor-tab-title-1741\"><p>Du bist fertig mit der Schule und willst jetzt durchstarten? Dann ist eine Ausbildung zum\/r Fachlagerist\/in bei Langhorst genau das Richtige f\u00fcr Dich!<\/p>\n<p>Als Fachlagerist \u00fcbernimmst du den Umschlag von G\u00fctern aller Art und bist Teil eines 20 k\u00f6pfigen Teams in dem Kollegialit\u00e4t und Teamgeist an oberster Stelle stehen.<\/p>\n<h3>Typische Aufgaben sind:<\/h3>\n<p>&#8211; Be- und Entladen von Lkw und Containern<\/p>\n<p>&#8211; Kontrolle und Abgleich von Waren und Transportdokumenten<\/p>\n<p>&#8211; Reparatur von defekten Verpackungen<\/p>\n<p>&#8211; Pflege von Gabelstapler und Lagerhalle<\/p>\n<p>Das wichtigste ist f\u00fcr uns ein erfolgreicher Abschluss Deiner Ausbildung. Deshalb legen wir gro\u00dfen Wert auf eine vern\u00fcnftige Einarbeitung in alle Aufgaben. Gleichzeitig arbeiten wir mit mehreren Ausbildern aus allen Altersgruppen die Dir bei allen Problemen mit Rat und Tat zur Seite stehen. Dies gilt nat\u00fcrlich auch f\u00fcr den Gabelstapler F\u00fchrerschein, den du am Anfang Deiner Ausbildung bei uns machst.<\/p>\n<p>Damit auch der Schule alles klappt, bieten wir im Rahmen der Ausbildung au\u00dferdem betriebsbegleitenden Unterricht an. Hier werden wichtige Themen aus dem Berufsschulunterricht aufgearbeitet und zum Abschluss der Ausbildung pr\u00fcfungsvorbereitende Aufgaben behandelt.<\/p>\n<p>Haben wir Dein Interesse geweckt? Dann schicke uns gerne eine E-Mail oder einen Brief mit Deinen Bewerbungsunterlagen und wir werden uns schnellstm\u00f6glich bei Dir melden.<\/p>\n<\/div>\n\t\t\t\t<\/div>\n\t\t\t\t\t\t\t<div class=\"elementor-accordion-item\">\n\t\t\t\t\t<div id=\"elementor-tab-title-1742\" class=\"elementor-tab-title\" data-tab=\"2\" role=\"button\" aria-controls=\"elementor-tab-content-1742\" aria-expanded=\"false\">\n\t\t\t\t\t\t\t\t\t\t\t\t\t<span class=\"elementor-accordion-icon elementor-accordion-icon-left\" aria-hidden=\"true\">\n\t\t\t\t\t\t\t\t\t\t\t\t\t\t\t<span class=\"elementor-accordion-icon-closed\"><i class=\"fas fa-plus\"><\/i><\/span>\n\t\t\t\t\t\t\t\t<span class=\"elementor-accordion-icon-opened\"><i class=\"fas fa-minus\"><\/i><\/span>\n\t\t\t\t\t\t\t\t\t\t\t\t\t\t<\/span>\n\t\t\t\t\t\t\t\t\t\t\t\t<a class=\"elementor-accordion-title\" tabindex=\"0\">Fachlagerist\/in ab sofort<\/a>\n\t\t\t\t\t<\/div>\n\t\t\t\t\t<div id=\"elementor-tab-content-1742\" class=\"elementor-tab-content elementor-clearfix\" data-tab=\"2\" role=\"region\" aria-labelledby=\"elementor-tab-title-1742\"><p>F\u00fcr unsere Import- und Exportabteilung suchen wir Sie ab sofort als Fachlagerist\/in (w\/m\/d)<\/p>\n<h3>Ihre Aufgaben<\/h3>\n<p>&#8211; Be- und Entladen von Containern und LKW<\/p>\n<p>&#8211; Kommissionierung von Waren<\/p>\n<p>&#8211; Umpacken von Paletten<\/p>\n<p>&#8211; Anbringung von Verschl\u00fcssen<\/p>\n<p>&#8211; Reparatur von besch\u00e4digten Umverpackungen<\/p>\n<h3>Ihr Profil<\/h3>\n<p>&#8211; Abgeschlossene Ausbildung sowie Erfahrung im Bereich Lager.<\/p>\n<p>&#8211; Zuverl\u00e4ssigkeit und Belastbarkeit<\/p>\n<p>&#8211; Sorgfalt und eine strukturierte Arbeitsweise<\/p>\n<p>&#8211; Deutschkenntnisse in Wort und Schrift<\/p>\n<h3>Was wir Ihnen bieten<\/h3>\n<p>Als Teil eines eingespielten Teams bieten wir Ihnen diverse interessante Aufgaben, bei denen Ihr voller Einsatz gefragt ist. Eine umfangreiche Einarbeitung bereitet Sie optimal auf Ihre neuen Aufgabenbereiche vor. Dabei stehen Kollegialit\u00e4t und Teamwork stets im Vordergrund.<\/p>\n<p>\u00a0<\/p>\n<\/div>\n\t\t\t\t<\/div>\n\t\t\t\t\t\t\t\t<\/div>\n\t\t\t\t\t\t<\/div>\n\t\t\t\t<\/div>\n\t\t\t\t\t<\/div>\n\t\t<\/div>\n\t\t\t\t\t<\/div>\n\t\t<\/section>\n\t\t\t\t<section class=\"elementor-section elementor-top-section elementor-element elementor-element-183da47 elementor-section-boxed elementor-section-height-default elementor-section-height-default\" data-id=\"183da47\" data-element_type=\"section\" data-e-type=\"section\">\n\t\t\t\t\t\t<div class=\"elementor-container elementor-column-gap-default\">\n\t\t\t\t\t<div class=\"elementor-column elementor-col-100 elementor-top-column elementor-element elementor-element-a418dfb\" data-id=\"a418dfb\" data-element_type=\"column\" data-e-type=\"column\">\n\t\t\t<div class=\"elementor-widget-wrap elementor-element-populated\">\n\t\t\t\t\t\t<div class=\"elementor-element elementor-element-f0830c9 elementor-widget elementor-widget-text-editor\" data-id=\"f0830c9\" data-element_type=\"widget\" data-e-type=\"widget\" data-widget_type=\"text-editor.default\">\n\t\t\t\t<div class=\"elementor-widget-container\">\n\t\t\t\t\t\t\t\t\t<p>If you are interested in an advertised position, please send us your application by post or use the contact form below.\u00a0<\/p>\n<p>Solicited applications are also welcome.<\/p>\n\t\t\t\t\t\t\t\t<\/div>\n\t\t\t\t<\/div>\n\t\t\t\t\t<\/div>\n\t\t<\/div>\n\t\t\t\t\t<\/div>\n\t\t<\/section>\n\t\t\t\t<section class=\"elementor-section elementor-top-section elementor-element elementor-element-6bf2d3f elementor-section-boxed elementor-section-height-default elementor-section-height-default\" data-id=\"6bf2d3f\" data-element_type=\"section\" data-e-type=\"section\">\n\t\t\t\t\t\t<div class=\"elementor-container elementor-column-gap-default\">\n\t\t\t\t\t<div class=\"elementor-column elementor-col-100 elementor-top-column elementor-element elementor-element-6a29514\" data-id=\"6a29514\" data-element_type=\"column\" data-e-type=\"column\">\n\t\t\t<div class=\"elementor-widget-wrap\">\n\t\t\t\t\t\t\t<\/div>\n\t\t<\/div>\n\t\t\t\t\t<\/div>\n\t\t<\/section>\n\t\t\t\t<\/div>\n\t\t","protected":false},"excerpt":{"rendered":"<p>Career \/ Jobs Current vacancies Ausbildung zum\/r Fachlagerist\/in ab 01.08.2021 Du bist fertig mit der Schule und willst jetzt durchstarten? Dann ist eine Ausbildung zum\/r Fachlagerist\/in bei Langhorst genau das Richtige f\u00fcr Dich! Als Fachlagerist \u00fcbernimmst du den Umschlag von G\u00fctern aller Art und bist Teil eines 20 k\u00f6pfigen Teams in dem Kollegialit\u00e4t und Teamgeist [&hellip;]<\/p>\n","protected":false},"author":1,"featured_media":0,"parent":0,"menu_order":0,"comment_status":"closed","ping_status":"closed","template":"","meta":{"site-sidebar-layout":"no-sidebar","site-content-layout":"page-builder","ast-site-content-layout":"default","site-content-style":"default","site-sidebar-style":"default","ast-global-header-display":"","ast-banner-title-visibility":"","ast-main-header-display":"","ast-hfb-above-header-display":"","ast-hfb-below-header-display":"","ast-hfb-mobile-header-display":"","site-post-title":"disabled","ast-breadcrumbs-content":"","ast-featured-img":"disabled","footer-sml-layout":"","ast-disable-related-posts":"","theme-transparent-header-meta":"default","adv-header-id-meta":"","stick-header-meta":"default","header-above-stick-meta":"","header-main-stick-meta":"","header-below-stick-meta":"","astra-migrate-meta-layouts":"default","ast-page-background-enabled":"default","ast-page-background-meta":{"desktop":{"background-color":"","background-image":"","background-repeat":"repeat","background-position":"center center","background-size":"auto","background-attachment":"scroll","background-type":"","background-media":"","overlay-type":"","overlay-color":"","overlay-opacity":"","overlay-gradient":""},"tablet":{"background-color":"","background-image":"","background-repeat":"repeat","background-position":"center center","background-size":"auto","background-attachment":"scroll","background-type":"","background-media":"","overlay-type":"","overlay-color":"","overlay-opacity":"","overlay-gradient":""},"mobile":{"background-color":"","background-image":"","background-repeat":"repeat","background-position":"center center","background-size":"auto","background-attachment":"scroll","background-type":"","background-media":"","overlay-type":"","overlay-color":"","overlay-opacity":"","overlay-gradient":""}},"ast-content-background-meta":{"desktop":{"background-color":"var(--ast-global-color-5)","background-image":"","background-repeat":"repeat","background-position":"center center","background-size":"auto","background-attachment":"scroll","background-type":"","background-media":"","overlay-type":"","overlay-color":"","overlay-opacity":"","overlay-gradient":""},"tablet":{"background-color":"var(--ast-global-color-5)","background-image":"","background-repeat":"repeat","background-position":"center center","background-size":"auto","background-attachment":"scroll","background-type":"","background-media":"","overlay-type":"","overlay-color":"","overlay-opacity":"","overlay-gradient":""},"mobile":{"background-color":"var(--ast-global-color-5)","background-image":"","background-repeat":"repeat","background-position":"center center","background-size":"auto","background-attachment":"scroll","background-type":"","background-media":"","overlay-type":"","overlay-color":"","overlay-opacity":"","overlay-gradient":""}},"footnotes":""},"class_list":["post-2141","page","type-page","status-publish","hentry"],"_links":{"self":[{"href":"https:\/\/www.langhorst.de\/en\/wp-json\/wp\/v2\/pages\/2141","targetHints":{"allow":["GET"]}}],"collection":[{"href":"https:\/\/www.langhorst.de\/en\/wp-json\/wp\/v2\/pages"}],"about":[{"href":"https:\/\/www.langhorst.de\/en\/wp-json\/wp\/v2\/types\/page"}],"author":[{"embeddable":true,"href":"https:\/\/www.langhorst.de\/en\/wp-json\/wp\/v2\/users\/1"}],"replies":[{"embeddable":true,"href":"https:\/\/www.langhorst.de\/en\/wp-json\/wp\/v2\/comments?post=2141"}],"version-history":[{"count":1,"href":"https:\/\/www.langhorst.de\/en\/wp-json\/wp\/v2\/pages\/2141\/revisions"}],"predecessor-version":[{"id":2142,"href":"https:\/\/www.langhorst.de\/en\/wp-json\/wp\/v2\/pages\/2141\/revisions\/2142"}],"wp:attachment":[{"href":"https:\/\/www.langhorst.de\/en\/wp-json\/wp\/v2\/media?parent=2141"}],"curies":[{"name":"wp","href":"https:\/\/api.w.org\/{rel}","templated":true}]}}